{"id":11166,"date":"2021-06-11T13:26:40","date_gmt":"2021-06-11T10:26:40","guid":{"rendered":"https:\/\/www.strauss.ee\/toode\/mahlakast\/"},"modified":"2025-01-31T11:42:50","modified_gmt":"2025-01-31T09:42:50","slug":"juice-box","status":"publish","type":"product","link":"https:\/\/www.strauss.ee\/en\/toode\/juice-box\/","title":{"rendered":"Juice box"},"content":{"rendered":"<p>Two sizes: for 3 l juice pack and 5 l juice pack<\/p>\n<p>&nbsp;<\/p>\n","protected":false},"excerpt":{"rendered":"<p>Meie <strong>puidust mahlapakihoidja<\/strong> on stiilne ja praktiline lahendus, mis aitab hoida Teie k\u00f6\u00f6ki organiseerituna ning lisab sellele loodusl\u00e4hedase ja sooja ilme. Materjaliks oleme valinud lepapuu. Ideaalne kasutamiseks kilepakendis \u00f5unamahlale ja teiste vedelike jaoks, see vastupidav hoidik on saadaval kahes suuruses:<\/p>\n<p>Mahlapaki lisamiseks keera kast teist pidi, eemalda p\u00f5hi, aseta kott kasti sisse s\u00e4ti kraan augu kohale ja pane p\u00f5hi tagasi. Keera kast teist pidi ja naudi jooki.<\/p>\n<ul>\n<li><strong>3-liitrine<\/strong> hoidja. M\u00f5\u00f5dud: 15,5 x 13,5 x 30 cm<\/li>\n<li><strong>5-liitrine<\/strong> hoidja. M\u00f5\u00f5dud \u00a020 x 18,5 x 34 cm<\/li>\n<\/ul>\n<h3>Mida teeb meie toote eriliseks?<\/h3>\n<ul>\n<li><strong>Looduslik materjal<\/strong> \u2013 valmistatud vastupidavast ja keskkonnas\u00f5bralikust puidust.<\/li>\n<li><strong>K\u00e4sit\u00f6\u00f6 kvaliteet<\/strong> \u2013 iga hoidja on hoole ja armastusega valmistatud.<\/li>\n<li><strong>Personaalne lisav\u00f5imalus<\/strong> \u2013 soovi korral saab mahlapakile lisada k\u00e4sitsi maalitud pildi, mis lisab isikup\u00e4ra.<\/li>\n<\/ul>\n<h3>T\u00e4iuslik kingiidee!<\/h3>\n<p>See puidust hoidik on ideaalne kingitus igale loodusl\u00e4hedust ja k\u00e4sit\u00f6\u00f6d hindavale inimesele. Lisaks on see praktiline lahendus, mis teeb mahlapaki kasutamise mugavaks ja maitsekaks.<\/p>\n<h4><strong>Tagasiside kliendilt:<\/strong><\/h4>\n<p><em>Suure-suured t\u00e4nud!<\/em><\/p>\n<p><em>Sain tellimuse k\u00e4tte! Mahlakasti hoidjad on v\u00e4ga positiivses m\u00f5ttes \u201ckapitaalselt\u201d tugevad. Ei j\u00f5udnud enam Pakendikeskusest papist hoidjaid osta.<\/em><\/p>\n<p><em>Kaire<\/em><\/p>\n","protected":false},"featured_media":4288,"comment_status":"closed","ping_status":"closed","template":"","meta":{"_acf_changed":false},"product_brand":[],"product_cat":[229],"product_tag":[255],"class_list":{"0":"post-11166","1":"product","2":"type-product","3":"status-publish","4":"has-post-thumbnail","6":"product_cat-kitchenware","7":"product_tag-best-offer-en","9":"first","10":"instock","11":"featured","12":"taxable","13":"shipping-taxable","14":"purchasable","15":"product-type-variable"},"acf":[],"yoast_head":"<!-- This site is optimized with the Yoast SEO plugin v25.2 - https:\/\/yoast.com\/wordpress\/plugins\/seo\/ -->\n<title>Juice box | Strauss<\/title>\n<meta name=\"description\" content=\"Meie puidust mahlapakihoidja on stiilne ja praktiline lahendus, mis aitab hoida Teie k\u00f6\u00f6ki organiseerituna ning lisab sellele loodusl\u00e4hedase ja sooja ilme. Materjaliks oleme valinud lepapuu. Ideaalne kasutamiseks kilepakendis \u00f5unamahlale ja teiste vedelike jaoks, see vastupidav hoidik on saadaval kahes suuruses:  Mahlapaki lisamiseks keera kast teist pidi, eemalda p\u00f5hi, aseta kott kasti sisse s\u00e4ti kraan augu kohale ja pane p\u00f5hi tagasi. Keera kast teist pidi ja naudi jooki.   3-liitrine hoidja. M\u00f5\u00f5dud: 15,5 x 13,5 x 30 cm  5-liitrine hoidja. M\u00f5\u00f5dud \u00a020 x 18,5 x 34 cm  Mida teeb meie toote eriliseks?   Looduslik materjal \u2013 valmistatud vastupidavast ja keskkonnas\u00f5bralikust puidust.  K\u00e4sit\u00f6\u00f6 kvaliteet \u2013 iga hoidja on hoole ja armastusega valmistatud.  Personaalne lisav\u00f5imalus \u2013 soovi korral saab mahlapakile lisada k\u00e4sitsi maalitud pildi, mis lisab isikup\u00e4ra.  T\u00e4iuslik kingiidee! See puidust hoidik on ideaalne kingitus igale loodusl\u00e4hedust ja k\u00e4sit\u00f6\u00f6d hindavale inimesele. Lisaks on see praktiline lahendus, mis teeb mahlapaki kasutamise mugavaks ja maitsekaks. Tagasiside kliendilt: Suure-suured t\u00e4nud!  Sain tellimuse k\u00e4tte! Mahlakasti hoidjad on v\u00e4ga positiivses m\u00f5ttes \u201ckapitaalselt\u201d tugevad. Ei j\u00f5udnud enam Pakendikeskusest papist hoidjaid osta.  Kaire\" \/>\n<meta name=\"robots\" content=\"index, follow, max-snippet:-1, max-image-preview:large, max-video-preview:-1\" \/>\n<link rel=\"canonical\" href=\"https:\/\/www.strauss.ee\/en\/toode\/juice-box\/\" \/>\n<meta property=\"og:locale\" content=\"en_US\" \/>\n<meta property=\"og:type\" content=\"article\" \/>\n<meta property=\"og:title\" content=\"Juice box | Strauss\" \/>\n<meta property=\"og:description\" content=\"Meie puidust mahlapakihoidja on stiilne ja praktiline lahendus, mis aitab hoida Teie k\u00f6\u00f6ki organiseerituna ning lisab sellele loodusl\u00e4hedase ja sooja ilme. Materjaliks oleme valinud lepapuu. Ideaalne kasutamiseks kilepakendis \u00f5unamahlale ja teiste vedelike jaoks, see vastupidav hoidik on saadaval kahes suuruses:  Mahlapaki lisamiseks keera kast teist pidi, eemalda p\u00f5hi, aseta kott kasti sisse s\u00e4ti kraan augu kohale ja pane p\u00f5hi tagasi. Keera kast teist pidi ja naudi jooki.   3-liitrine hoidja. M\u00f5\u00f5dud: 15,5 x 13,5 x 30 cm  5-liitrine hoidja. M\u00f5\u00f5dud \u00a020 x 18,5 x 34 cm  Mida teeb meie toote eriliseks?   Looduslik materjal \u2013 valmistatud vastupidavast ja keskkonnas\u00f5bralikust puidust.  K\u00e4sit\u00f6\u00f6 kvaliteet \u2013 iga hoidja on hoole ja armastusega valmistatud.  Personaalne lisav\u00f5imalus \u2013 soovi korral saab mahlapakile lisada k\u00e4sitsi maalitud pildi, mis lisab isikup\u00e4ra.  T\u00e4iuslik kingiidee! See puidust hoidik on ideaalne kingitus igale loodusl\u00e4hedust ja k\u00e4sit\u00f6\u00f6d hindavale inimesele. Lisaks on see praktiline lahendus, mis teeb mahlapaki kasutamise mugavaks ja maitsekaks. Tagasiside kliendilt: Suure-suured t\u00e4nud!  Sain tellimuse k\u00e4tte! Mahlakasti hoidjad on v\u00e4ga positiivses m\u00f5ttes \u201ckapitaalselt\u201d tugevad. Ei j\u00f5udnud enam Pakendikeskusest papist hoidjaid osta.  Kaire\" \/>\n<meta property=\"og:url\" content=\"https:\/\/www.strauss.ee\/en\/toode\/juice-box\/\" \/>\n<meta property=\"og:site_name\" content=\"Strauss\" \/>\n<meta property=\"article:publisher\" content=\"https:\/\/www.facebook.com\/avinurmepuiduait\" \/>\n<meta property=\"article:modified_time\" content=\"2025-01-31T09:42:50+00:00\" \/>\n<meta property=\"og:image\" content=\"https:\/\/www.strauss.ee\/wp-content\/uploads\/2021\/06\/mahlakast_5l_3l-4-scaled.jpg\" \/>\n\t<meta property=\"og:image:width\" content=\"1707\" \/>\n\t<meta property=\"og:image:height\" content=\"2560\" \/>\n\t<meta property=\"og:image:type\" content=\"image\/jpeg\" \/>\n<meta name=\"twitter:card\" content=\"summary_large_image\" \/>\n<meta name=\"twitter:label1\" content=\"Est. reading time\" \/>\n\t<meta name=\"twitter:data1\" content=\"1 minute\" \/>\n<script type=\"application\/ld+json\" class=\"yoast-schema-graph\">{\"@context\":\"https:\/\/schema.org\",\"@graph\":[{\"@type\":\"WebPage\",\"@id\":\"https:\/\/www.strauss.ee\/en\/toode\/juice-box\/\",\"url\":\"https:\/\/www.strauss.ee\/en\/toode\/juice-box\/\",\"name\":\"Juice box | Strauss\",\"isPartOf\":{\"@id\":\"https:\/\/www.strauss.ee\/#website\"},\"primaryImageOfPage\":{\"@id\":\"https:\/\/www.strauss.ee\/en\/toode\/juice-box\/#primaryimage\"},\"image\":{\"@id\":\"https:\/\/www.strauss.ee\/en\/toode\/juice-box\/#primaryimage\"},\"thumbnailUrl\":\"https:\/\/www.strauss.ee\/wp-content\/uploads\/2021\/06\/mahlakast_5l_3l-4-scaled.jpg\",\"datePublished\":\"2021-06-11T10:26:40+00:00\",\"dateModified\":\"2025-01-31T09:42:50+00:00\",\"description\":\"Meie puidust mahlapakihoidja on stiilne ja praktiline lahendus, mis aitab hoida Teie k\u00f6\u00f6ki organiseerituna ning lisab sellele loodusl\u00e4hedase ja sooja ilme. Materjaliks oleme valinud lepapuu. Ideaalne kasutamiseks kilepakendis \u00f5unamahlale ja teiste vedelike jaoks, see vastupidav hoidik on saadaval kahes suuruses: Mahlapaki lisamiseks keera kast teist pidi, eemalda p\u00f5hi, aseta kott kasti sisse s\u00e4ti kraan augu kohale ja pane p\u00f5hi tagasi. Keera kast teist pidi ja naudi jooki. 3-liitrine hoidja. M\u00f5\u00f5dud: 15,5 x 13,5 x 30 cm 5-liitrine hoidja. M\u00f5\u00f5dud \u00a020 x 18,5 x 34 cm Mida teeb meie toote eriliseks? Looduslik materjal \u2013 valmistatud vastupidavast ja keskkonnas\u00f5bralikust puidust. K\u00e4sit\u00f6\u00f6 kvaliteet \u2013 iga hoidja on hoole ja armastusega valmistatud. Personaalne lisav\u00f5imalus \u2013 soovi korral saab mahlapakile lisada k\u00e4sitsi maalitud pildi, mis lisab isikup\u00e4ra. T\u00e4iuslik kingiidee! See puidust hoidik on ideaalne kingitus igale loodusl\u00e4hedust ja k\u00e4sit\u00f6\u00f6d hindavale inimesele. Lisaks on see praktiline lahendus, mis teeb mahlapaki kasutamise mugavaks ja maitsekaks. Tagasiside kliendilt: Suure-suured t\u00e4nud! Sain tellimuse k\u00e4tte! Mahlakasti hoidjad on v\u00e4ga positiivses m\u00f5ttes \u201ckapitaalselt\u201d tugevad. Ei j\u00f5udnud enam Pakendikeskusest papist hoidjaid osta. Kaire\",\"breadcrumb\":{\"@id\":\"https:\/\/www.strauss.ee\/en\/toode\/juice-box\/#breadcrumb\"},\"inLanguage\":\"en-US\",\"potentialAction\":[{\"@type\":\"ReadAction\",\"target\":[\"https:\/\/www.strauss.ee\/en\/toode\/juice-box\/\"]}]},{\"@type\":\"ImageObject\",\"inLanguage\":\"en-US\",\"@id\":\"https:\/\/www.strauss.ee\/en\/toode\/juice-box\/#primaryimage\",\"url\":\"https:\/\/www.strauss.ee\/wp-content\/uploads\/2021\/06\/mahlakast_5l_3l-4-scaled.jpg\",\"contentUrl\":\"https:\/\/www.strauss.ee\/wp-content\/uploads\/2021\/06\/mahlakast_5l_3l-4-scaled.jpg\",\"width\":1707,\"height\":2560},{\"@type\":\"BreadcrumbList\",\"@id\":\"https:\/\/www.strauss.ee\/en\/toode\/juice-box\/#breadcrumb\",\"itemListElement\":[{\"@type\":\"ListItem\",\"position\":1,\"name\":\"Home\",\"item\":\"https:\/\/www.strauss.ee\/en\/\"},{\"@type\":\"ListItem\",\"position\":2,\"name\":\"Tooted\",\"item\":\"https:\/\/www.strauss.ee\/shop\/\"},{\"@type\":\"ListItem\",\"position\":3,\"name\":\"Juice box\"}]},{\"@type\":\"WebSite\",\"@id\":\"https:\/\/www.strauss.ee\/#website\",\"url\":\"https:\/\/www.strauss.ee\/\",\"name\":\"strauss.ee\",\"description\":\"Puidutoodete e-pood\",\"publisher\":{\"@id\":\"https:\/\/www.strauss.ee\/#organization\"},\"potentialAction\":[{\"@type\":\"SearchAction\",\"target\":{\"@type\":\"EntryPoint\",\"urlTemplate\":\"https:\/\/www.strauss.ee\/?s={search_term_string}\"},\"query-input\":{\"@type\":\"PropertyValueSpecification\",\"valueRequired\":true,\"valueName\":\"search_term_string\"}}],\"inLanguage\":\"en-US\"},{\"@type\":\"Organization\",\"@id\":\"https:\/\/www.strauss.ee\/#organization\",\"name\":\"E. Strauss company\",\"alternateName\":\"Strauss\",\"url\":\"https:\/\/www.strauss.ee\/\",\"logo\":{\"@type\":\"ImageObject\",\"inLanguage\":\"en-US\",\"@id\":\"https:\/\/www.strauss.ee\/#\/schema\/logo\/image\/\",\"url\":\"https:\/\/www.strauss.ee\/wp-content\/uploads\/2024\/01\/estrauss_vert.jpg\",\"contentUrl\":\"https:\/\/www.strauss.ee\/wp-content\/uploads\/2024\/01\/estrauss_vert.jpg\",\"width\":569,\"height\":569,\"caption\":\"E. Strauss company\"},\"image\":{\"@id\":\"https:\/\/www.strauss.ee\/#\/schema\/logo\/image\/\"},\"sameAs\":[\"https:\/\/www.facebook.com\/avinurmepuiduait\"]}]}<\/script>\n<!-- \/ Yoast SEO plugin. -->","yoast_head_json":{"title":"Juice box | Strauss","description":"Meie puidust mahlapakihoidja on stiilne ja praktiline lahendus, mis aitab hoida Teie k\u00f6\u00f6ki organiseerituna ning lisab sellele loodusl\u00e4hedase ja sooja ilme. Materjaliks oleme valinud lepapuu. Ideaalne kasutamiseks kilepakendis \u00f5unamahlale ja teiste vedelike jaoks, see vastupidav hoidik on saadaval kahes suuruses:  Mahlapaki lisamiseks keera kast teist pidi, eemalda p\u00f5hi, aseta kott kasti sisse s\u00e4ti kraan augu kohale ja pane p\u00f5hi tagasi. Keera kast teist pidi ja naudi jooki.   3-liitrine hoidja. M\u00f5\u00f5dud: 15,5 x 13,5 x 30 cm  5-liitrine hoidja. M\u00f5\u00f5dud \u00a020 x 18,5 x 34 cm  Mida teeb meie toote eriliseks?   Looduslik materjal \u2013 valmistatud vastupidavast ja keskkonnas\u00f5bralikust puidust.  K\u00e4sit\u00f6\u00f6 kvaliteet \u2013 iga hoidja on hoole ja armastusega valmistatud.  Personaalne lisav\u00f5imalus \u2013 soovi korral saab mahlapakile lisada k\u00e4sitsi maalitud pildi, mis lisab isikup\u00e4ra.  T\u00e4iuslik kingiidee! See puidust hoidik on ideaalne kingitus igale loodusl\u00e4hedust ja k\u00e4sit\u00f6\u00f6d hindavale inimesele. Lisaks on see praktiline lahendus, mis teeb mahlapaki kasutamise mugavaks ja maitsekaks. Tagasiside kliendilt: Suure-suured t\u00e4nud!  Sain tellimuse k\u00e4tte! Mahlakasti hoidjad on v\u00e4ga positiivses m\u00f5ttes \u201ckapitaalselt\u201d tugevad. Ei j\u00f5udnud enam Pakendikeskusest papist hoidjaid osta.  Kaire","robots":{"index":"index","follow":"follow","max-snippet":"max-snippet:-1","max-image-preview":"max-image-preview:large","max-video-preview":"max-video-preview:-1"},"canonical":"https:\/\/www.strauss.ee\/en\/toode\/juice-box\/","og_locale":"en_US","og_type":"article","og_title":"Juice box | Strauss","og_description":"Meie puidust mahlapakihoidja on stiilne ja praktiline lahendus, mis aitab hoida Teie k\u00f6\u00f6ki organiseerituna ning lisab sellele loodusl\u00e4hedase ja sooja ilme. Materjaliks oleme valinud lepapuu. Ideaalne kasutamiseks kilepakendis \u00f5unamahlale ja teiste vedelike jaoks, see vastupidav hoidik on saadaval kahes suuruses:  Mahlapaki lisamiseks keera kast teist pidi, eemalda p\u00f5hi, aseta kott kasti sisse s\u00e4ti kraan augu kohale ja pane p\u00f5hi tagasi. Keera kast teist pidi ja naudi jooki.   3-liitrine hoidja. M\u00f5\u00f5dud: 15,5 x 13,5 x 30 cm  5-liitrine hoidja. M\u00f5\u00f5dud \u00a020 x 18,5 x 34 cm  Mida teeb meie toote eriliseks?   Looduslik materjal \u2013 valmistatud vastupidavast ja keskkonnas\u00f5bralikust puidust.  K\u00e4sit\u00f6\u00f6 kvaliteet \u2013 iga hoidja on hoole ja armastusega valmistatud.  Personaalne lisav\u00f5imalus \u2013 soovi korral saab mahlapakile lisada k\u00e4sitsi maalitud pildi, mis lisab isikup\u00e4ra.  T\u00e4iuslik kingiidee! See puidust hoidik on ideaalne kingitus igale loodusl\u00e4hedust ja k\u00e4sit\u00f6\u00f6d hindavale inimesele. Lisaks on see praktiline lahendus, mis teeb mahlapaki kasutamise mugavaks ja maitsekaks. Tagasiside kliendilt: Suure-suured t\u00e4nud!  Sain tellimuse k\u00e4tte! Mahlakasti hoidjad on v\u00e4ga positiivses m\u00f5ttes \u201ckapitaalselt\u201d tugevad. Ei j\u00f5udnud enam Pakendikeskusest papist hoidjaid osta.  Kaire","og_url":"https:\/\/www.strauss.ee\/en\/toode\/juice-box\/","og_site_name":"Strauss","article_publisher":"https:\/\/www.facebook.com\/avinurmepuiduait","article_modified_time":"2025-01-31T09:42:50+00:00","og_image":[{"width":1707,"height":2560,"url":"https:\/\/www.strauss.ee\/wp-content\/uploads\/2021\/06\/mahlakast_5l_3l-4-scaled.jpg","type":"image\/jpeg"}],"twitter_card":"summary_large_image","twitter_misc":{"Est. reading time":"1 minute"},"schema":{"@context":"https:\/\/schema.org","@graph":[{"@type":"WebPage","@id":"https:\/\/www.strauss.ee\/en\/toode\/juice-box\/","url":"https:\/\/www.strauss.ee\/en\/toode\/juice-box\/","name":"Juice box | Strauss","isPartOf":{"@id":"https:\/\/www.strauss.ee\/#website"},"primaryImageOfPage":{"@id":"https:\/\/www.strauss.ee\/en\/toode\/juice-box\/#primaryimage"},"image":{"@id":"https:\/\/www.strauss.ee\/en\/toode\/juice-box\/#primaryimage"},"thumbnailUrl":"https:\/\/www.strauss.ee\/wp-content\/uploads\/2021\/06\/mahlakast_5l_3l-4-scaled.jpg","datePublished":"2021-06-11T10:26:40+00:00","dateModified":"2025-01-31T09:42:50+00:00","description":"Meie puidust mahlapakihoidja on stiilne ja praktiline lahendus, mis aitab hoida Teie k\u00f6\u00f6ki organiseerituna ning lisab sellele loodusl\u00e4hedase ja sooja ilme. Materjaliks oleme valinud lepapuu. Ideaalne kasutamiseks kilepakendis \u00f5unamahlale ja teiste vedelike jaoks, see vastupidav hoidik on saadaval kahes suuruses: Mahlapaki lisamiseks keera kast teist pidi, eemalda p\u00f5hi, aseta kott kasti sisse s\u00e4ti kraan augu kohale ja pane p\u00f5hi tagasi. Keera kast teist pidi ja naudi jooki. 3-liitrine hoidja. M\u00f5\u00f5dud: 15,5 x 13,5 x 30 cm 5-liitrine hoidja. M\u00f5\u00f5dud \u00a020 x 18,5 x 34 cm Mida teeb meie toote eriliseks? Looduslik materjal \u2013 valmistatud vastupidavast ja keskkonnas\u00f5bralikust puidust. K\u00e4sit\u00f6\u00f6 kvaliteet \u2013 iga hoidja on hoole ja armastusega valmistatud. Personaalne lisav\u00f5imalus \u2013 soovi korral saab mahlapakile lisada k\u00e4sitsi maalitud pildi, mis lisab isikup\u00e4ra. T\u00e4iuslik kingiidee! See puidust hoidik on ideaalne kingitus igale loodusl\u00e4hedust ja k\u00e4sit\u00f6\u00f6d hindavale inimesele. Lisaks on see praktiline lahendus, mis teeb mahlapaki kasutamise mugavaks ja maitsekaks. Tagasiside kliendilt: Suure-suured t\u00e4nud! Sain tellimuse k\u00e4tte! Mahlakasti hoidjad on v\u00e4ga positiivses m\u00f5ttes \u201ckapitaalselt\u201d tugevad. Ei j\u00f5udnud enam Pakendikeskusest papist hoidjaid osta. Kaire","breadcrumb":{"@id":"https:\/\/www.strauss.ee\/en\/toode\/juice-box\/#breadcrumb"},"inLanguage":"en-US","potentialAction":[{"@type":"ReadAction","target":["https:\/\/www.strauss.ee\/en\/toode\/juice-box\/"]}]},{"@type":"ImageObject","inLanguage":"en-US","@id":"https:\/\/www.strauss.ee\/en\/toode\/juice-box\/#primaryimage","url":"https:\/\/www.strauss.ee\/wp-content\/uploads\/2021\/06\/mahlakast_5l_3l-4-scaled.jpg","contentUrl":"https:\/\/www.strauss.ee\/wp-content\/uploads\/2021\/06\/mahlakast_5l_3l-4-scaled.jpg","width":1707,"height":2560},{"@type":"BreadcrumbList","@id":"https:\/\/www.strauss.ee\/en\/toode\/juice-box\/#breadcrumb","itemListElement":[{"@type":"ListItem","position":1,"name":"Home","item":"https:\/\/www.strauss.ee\/en\/"},{"@type":"ListItem","position":2,"name":"Tooted","item":"https:\/\/www.strauss.ee\/shop\/"},{"@type":"ListItem","position":3,"name":"Juice box"}]},{"@type":"WebSite","@id":"https:\/\/www.strauss.ee\/#website","url":"https:\/\/www.strauss.ee\/","name":"strauss.ee","description":"Puidutoodete e-pood","publisher":{"@id":"https:\/\/www.strauss.ee\/#organization"},"potentialAction":[{"@type":"SearchAction","target":{"@type":"EntryPoint","urlTemplate":"https:\/\/www.strauss.ee\/?s={search_term_string}"},"query-input":{"@type":"PropertyValueSpecification","valueRequired":true,"valueName":"search_term_string"}}],"inLanguage":"en-US"},{"@type":"Organization","@id":"https:\/\/www.strauss.ee\/#organization","name":"E. Strauss company","alternateName":"Strauss","url":"https:\/\/www.strauss.ee\/","logo":{"@type":"ImageObject","inLanguage":"en-US","@id":"https:\/\/www.strauss.ee\/#\/schema\/logo\/image\/","url":"https:\/\/www.strauss.ee\/wp-content\/uploads\/2024\/01\/estrauss_vert.jpg","contentUrl":"https:\/\/www.strauss.ee\/wp-content\/uploads\/2024\/01\/estrauss_vert.jpg","width":569,"height":569,"caption":"E. Strauss company"},"image":{"@id":"https:\/\/www.strauss.ee\/#\/schema\/logo\/image\/"},"sameAs":["https:\/\/www.facebook.com\/avinurmepuiduait"]}]}},"_links":{"self":[{"href":"https:\/\/www.strauss.ee\/en\/wp-json\/wp\/v2\/product\/11166","targetHints":{"allow":["GET"]}}],"collection":[{"href":"https:\/\/www.strauss.ee\/en\/wp-json\/wp\/v2\/product"}],"about":[{"href":"https:\/\/www.strauss.ee\/en\/wp-json\/wp\/v2\/types\/product"}],"replies":[{"embeddable":true,"href":"https:\/\/www.strauss.ee\/en\/wp-json\/wp\/v2\/comments?post=11166"}],"wp:featuredmedia":[{"embeddable":true,"href":"https:\/\/www.strauss.ee\/en\/wp-json\/wp\/v2\/media\/4288"}],"wp:attachment":[{"href":"https:\/\/www.strauss.ee\/en\/wp-json\/wp\/v2\/media?parent=11166"}],"wp:term":[{"taxonomy":"product_brand","embeddable":true,"href":"https:\/\/www.strauss.ee\/en\/wp-json\/wp\/v2\/product_brand?post=11166"},{"taxonomy":"product_cat","embeddable":true,"href":"https:\/\/www.strauss.ee\/en\/wp-json\/wp\/v2\/product_cat?post=11166"},{"taxonomy":"product_tag","embeddable":true,"href":"https:\/\/www.strauss.ee\/en\/wp-json\/wp\/v2\/product_tag?post=11166"}],"curies":[{"name":"wp","href":"https:\/\/api.w.org\/{rel}","templated":true}]}}