{"id":10769,"date":"2024-04-18T12:11:50","date_gmt":"2024-04-18T09:11:50","guid":{"rendered":"https:\/\/www.strauss.ee\/toode\/loikelaud-2in1\/"},"modified":"2025-01-31T13:35:27","modified_gmt":"2025-01-31T11:35:27","slug":"cutting-board-2in1","status":"publish","type":"product","link":"https:\/\/www.strauss.ee\/en\/toode\/cutting-board-2in1\/","title":{"rendered":"Cutting board 2in1"},"content":{"rendered":"<p>Dimensions: 50 x 30 x 2cm<\/p>\n<p>Material: ash<\/p>\n<p>Handle dimensions: 10 x 5 x 2cm<\/p>\n<p>&nbsp;<\/p>\n","protected":false},"excerpt":{"rendered":"<p>L\u00f5ikelaud 2in1 peidab endas kahte kasutusv\u00f5imalust. Toodet saab kasutada l\u00f5ike- ja serveerimislauana. Valmistatud tugevast saare puust. L\u00f5ikelauda v\u00f5ib pesta jooksva vee all. Saare puu on v\u00e4ga tugev ja tihe materjal nii ei j\u00e4\u00e4 l\u00f5ikelauale ka l\u00f5ikamisj\u00e4lgi. L\u00f5ikelaud on t\u00f6\u00f6deldud lina\u00f5liga (toidus\u00f5bralik).<\/p>\n<p>&nbsp;<\/p>\n<p>&nbsp;<\/p>\n","protected":false},"featured_media":10240,"comment_status":"closed","ping_status":"closed","template":"","meta":{"_acf_changed":false},"product_brand":[],"product_cat":[204],"product_tag":[],"class_list":{"0":"post-10769","1":"product","2":"type-product","3":"status-publish","4":"has-post-thumbnail","6":"product_cat-cutting-boards","8":"first","9":"instock","10":"taxable","11":"shipping-taxable","12":"purchasable","13":"product-type-simple"},"acf":[],"yoast_head":"<!-- This site is optimized with the Yoast SEO plugin v25.2 - https:\/\/yoast.com\/wordpress\/plugins\/seo\/ -->\n<title>Cutting board 2in1 | Strauss<\/title>\n<meta name=\"description\" content=\"L\u00f5ikelaud 2in1 peidab endas kahte kasutusv\u00f5imalust. Toodet saab kasutada l\u00f5ike- ja serveerimislauana. Valmistatud tugevast saare puust. L\u00f5ikelauda v\u00f5ib pesta jooksva vee all. Saare puu on v\u00e4ga tugev ja tihe materjal nii ei j\u00e4\u00e4 l\u00f5ikelauale ka l\u00f5ikamisj\u00e4lgi. L\u00f5ikelaud on t\u00f6\u00f6deldud lina\u00f5liga (toidus\u00f5bralik).  &nbsp;  &nbsp;\" \/>\n<meta name=\"robots\" content=\"index, follow, max-snippet:-1, max-image-preview:large, max-video-preview:-1\" \/>\n<link rel=\"canonical\" href=\"https:\/\/www.strauss.ee\/en\/toode\/cutting-board-2in1\/\" \/>\n<meta property=\"og:locale\" content=\"en_US\" \/>\n<meta property=\"og:type\" content=\"article\" \/>\n<meta property=\"og:title\" content=\"Cutting board 2in1 | Strauss\" \/>\n<meta property=\"og:description\" content=\"L\u00f5ikelaud 2in1 peidab endas kahte kasutusv\u00f5imalust. Toodet saab kasutada l\u00f5ike- ja serveerimislauana. Valmistatud tugevast saare puust. L\u00f5ikelauda v\u00f5ib pesta jooksva vee all. Saare puu on v\u00e4ga tugev ja tihe materjal nii ei j\u00e4\u00e4 l\u00f5ikelauale ka l\u00f5ikamisj\u00e4lgi. L\u00f5ikelaud on t\u00f6\u00f6deldud lina\u00f5liga (toidus\u00f5bralik).  &nbsp;  &nbsp;\" \/>\n<meta property=\"og:url\" content=\"https:\/\/www.strauss.ee\/en\/toode\/cutting-board-2in1\/\" \/>\n<meta property=\"og:site_name\" content=\"Strauss\" \/>\n<meta property=\"article:publisher\" content=\"https:\/\/www.facebook.com\/avinurmepuiduait\" \/>\n<meta property=\"article:modified_time\" content=\"2025-01-31T11:35:27+00:00\" \/>\n<meta property=\"og:image\" content=\"https:\/\/www.strauss.ee\/wp-content\/uploads\/2024\/04\/Loikelaud-2in1-1.jpg\" \/>\n\t<meta property=\"og:image:width\" content=\"800\" \/>\n\t<meta property=\"og:image:height\" content=\"1200\" \/>\n\t<meta property=\"og:image:type\" content=\"image\/jpeg\" \/>\n<meta name=\"twitter:card\" content=\"summary_large_image\" \/>\n<meta name=\"twitter:label1\" content=\"Est. reading time\" \/>\n\t<meta name=\"twitter:data1\" content=\"1 minute\" \/>\n<script type=\"application\/ld+json\" class=\"yoast-schema-graph\">{\"@context\":\"https:\/\/schema.org\",\"@graph\":[{\"@type\":\"WebPage\",\"@id\":\"https:\/\/www.strauss.ee\/en\/toode\/cutting-board-2in1\/\",\"url\":\"https:\/\/www.strauss.ee\/en\/toode\/cutting-board-2in1\/\",\"name\":\"Cutting board 2in1 | Strauss\",\"isPartOf\":{\"@id\":\"https:\/\/www.strauss.ee\/#website\"},\"primaryImageOfPage\":{\"@id\":\"https:\/\/www.strauss.ee\/en\/toode\/cutting-board-2in1\/#primaryimage\"},\"image\":{\"@id\":\"https:\/\/www.strauss.ee\/en\/toode\/cutting-board-2in1\/#primaryimage\"},\"thumbnailUrl\":\"https:\/\/www.strauss.ee\/wp-content\/uploads\/2024\/04\/Loikelaud-2in1-1.jpg\",\"datePublished\":\"2024-04-18T09:11:50+00:00\",\"dateModified\":\"2025-01-31T11:35:27+00:00\",\"description\":\"L\u00f5ikelaud 2in1 peidab endas kahte kasutusv\u00f5imalust. Toodet saab kasutada l\u00f5ike- ja serveerimislauana. Valmistatud tugevast saare puust. L\u00f5ikelauda v\u00f5ib pesta jooksva vee all. Saare puu on v\u00e4ga tugev ja tihe materjal nii ei j\u00e4\u00e4 l\u00f5ikelauale ka l\u00f5ikamisj\u00e4lgi. L\u00f5ikelaud on t\u00f6\u00f6deldud lina\u00f5liga (toidus\u00f5bralik). &nbsp; &nbsp;\",\"breadcrumb\":{\"@id\":\"https:\/\/www.strauss.ee\/en\/toode\/cutting-board-2in1\/#breadcrumb\"},\"inLanguage\":\"en-US\",\"potentialAction\":[{\"@type\":\"ReadAction\",\"target\":[\"https:\/\/www.strauss.ee\/en\/toode\/cutting-board-2in1\/\"]}]},{\"@type\":\"ImageObject\",\"inLanguage\":\"en-US\",\"@id\":\"https:\/\/www.strauss.ee\/en\/toode\/cutting-board-2in1\/#primaryimage\",\"url\":\"https:\/\/www.strauss.ee\/wp-content\/uploads\/2024\/04\/Loikelaud-2in1-1.jpg\",\"contentUrl\":\"https:\/\/www.strauss.ee\/wp-content\/uploads\/2024\/04\/Loikelaud-2in1-1.jpg\",\"width\":800,\"height\":1200,\"caption\":\"L\u00f5ikelaud 2in1\"},{\"@type\":\"BreadcrumbList\",\"@id\":\"https:\/\/www.strauss.ee\/en\/toode\/cutting-board-2in1\/#breadcrumb\",\"itemListElement\":[{\"@type\":\"ListItem\",\"position\":1,\"name\":\"Home\",\"item\":\"https:\/\/www.strauss.ee\/en\/\"},{\"@type\":\"ListItem\",\"position\":2,\"name\":\"Tooted\",\"item\":\"https:\/\/www.strauss.ee\/shop\/\"},{\"@type\":\"ListItem\",\"position\":3,\"name\":\"Cutting board 2in1\"}]},{\"@type\":\"WebSite\",\"@id\":\"https:\/\/www.strauss.ee\/#website\",\"url\":\"https:\/\/www.strauss.ee\/\",\"name\":\"strauss.ee\",\"description\":\"Puidutoodete e-pood\",\"publisher\":{\"@id\":\"https:\/\/www.strauss.ee\/#organization\"},\"potentialAction\":[{\"@type\":\"SearchAction\",\"target\":{\"@type\":\"EntryPoint\",\"urlTemplate\":\"https:\/\/www.strauss.ee\/?s={search_term_string}\"},\"query-input\":{\"@type\":\"PropertyValueSpecification\",\"valueRequired\":true,\"valueName\":\"search_term_string\"}}],\"inLanguage\":\"en-US\"},{\"@type\":\"Organization\",\"@id\":\"https:\/\/www.strauss.ee\/#organization\",\"name\":\"E. Strauss company\",\"alternateName\":\"Strauss\",\"url\":\"https:\/\/www.strauss.ee\/\",\"logo\":{\"@type\":\"ImageObject\",\"inLanguage\":\"en-US\",\"@id\":\"https:\/\/www.strauss.ee\/#\/schema\/logo\/image\/\",\"url\":\"https:\/\/www.strauss.ee\/wp-content\/uploads\/2024\/01\/estrauss_vert.jpg\",\"contentUrl\":\"https:\/\/www.strauss.ee\/wp-content\/uploads\/2024\/01\/estrauss_vert.jpg\",\"width\":569,\"height\":569,\"caption\":\"E. Strauss company\"},\"image\":{\"@id\":\"https:\/\/www.strauss.ee\/#\/schema\/logo\/image\/\"},\"sameAs\":[\"https:\/\/www.facebook.com\/avinurmepuiduait\"]}]}<\/script>\n<!-- \/ Yoast SEO plugin. -->","yoast_head_json":{"title":"Cutting board 2in1 | Strauss","description":"L\u00f5ikelaud 2in1 peidab endas kahte kasutusv\u00f5imalust. Toodet saab kasutada l\u00f5ike- ja serveerimislauana. Valmistatud tugevast saare puust. L\u00f5ikelauda v\u00f5ib pesta jooksva vee all. Saare puu on v\u00e4ga tugev ja tihe materjal nii ei j\u00e4\u00e4 l\u00f5ikelauale ka l\u00f5ikamisj\u00e4lgi. L\u00f5ikelaud on t\u00f6\u00f6deldud lina\u00f5liga (toidus\u00f5bralik).  &nbsp;  &nbsp;","robots":{"index":"index","follow":"follow","max-snippet":"max-snippet:-1","max-image-preview":"max-image-preview:large","max-video-preview":"max-video-preview:-1"},"canonical":"https:\/\/www.strauss.ee\/en\/toode\/cutting-board-2in1\/","og_locale":"en_US","og_type":"article","og_title":"Cutting board 2in1 | Strauss","og_description":"L\u00f5ikelaud 2in1 peidab endas kahte kasutusv\u00f5imalust. Toodet saab kasutada l\u00f5ike- ja serveerimislauana. Valmistatud tugevast saare puust. L\u00f5ikelauda v\u00f5ib pesta jooksva vee all. Saare puu on v\u00e4ga tugev ja tihe materjal nii ei j\u00e4\u00e4 l\u00f5ikelauale ka l\u00f5ikamisj\u00e4lgi. L\u00f5ikelaud on t\u00f6\u00f6deldud lina\u00f5liga (toidus\u00f5bralik).  &nbsp;  &nbsp;","og_url":"https:\/\/www.strauss.ee\/en\/toode\/cutting-board-2in1\/","og_site_name":"Strauss","article_publisher":"https:\/\/www.facebook.com\/avinurmepuiduait","article_modified_time":"2025-01-31T11:35:27+00:00","og_image":[{"width":800,"height":1200,"url":"https:\/\/www.strauss.ee\/wp-content\/uploads\/2024\/04\/Loikelaud-2in1-1.jpg","type":"image\/jpeg"}],"twitter_card":"summary_large_image","twitter_misc":{"Est. reading time":"1 minute"},"schema":{"@context":"https:\/\/schema.org","@graph":[{"@type":"WebPage","@id":"https:\/\/www.strauss.ee\/en\/toode\/cutting-board-2in1\/","url":"https:\/\/www.strauss.ee\/en\/toode\/cutting-board-2in1\/","name":"Cutting board 2in1 | Strauss","isPartOf":{"@id":"https:\/\/www.strauss.ee\/#website"},"primaryImageOfPage":{"@id":"https:\/\/www.strauss.ee\/en\/toode\/cutting-board-2in1\/#primaryimage"},"image":{"@id":"https:\/\/www.strauss.ee\/en\/toode\/cutting-board-2in1\/#primaryimage"},"thumbnailUrl":"https:\/\/www.strauss.ee\/wp-content\/uploads\/2024\/04\/Loikelaud-2in1-1.jpg","datePublished":"2024-04-18T09:11:50+00:00","dateModified":"2025-01-31T11:35:27+00:00","description":"L\u00f5ikelaud 2in1 peidab endas kahte kasutusv\u00f5imalust. Toodet saab kasutada l\u00f5ike- ja serveerimislauana. Valmistatud tugevast saare puust. L\u00f5ikelauda v\u00f5ib pesta jooksva vee all. Saare puu on v\u00e4ga tugev ja tihe materjal nii ei j\u00e4\u00e4 l\u00f5ikelauale ka l\u00f5ikamisj\u00e4lgi. L\u00f5ikelaud on t\u00f6\u00f6deldud lina\u00f5liga (toidus\u00f5bralik). &nbsp; &nbsp;","breadcrumb":{"@id":"https:\/\/www.strauss.ee\/en\/toode\/cutting-board-2in1\/#breadcrumb"},"inLanguage":"en-US","potentialAction":[{"@type":"ReadAction","target":["https:\/\/www.strauss.ee\/en\/toode\/cutting-board-2in1\/"]}]},{"@type":"ImageObject","inLanguage":"en-US","@id":"https:\/\/www.strauss.ee\/en\/toode\/cutting-board-2in1\/#primaryimage","url":"https:\/\/www.strauss.ee\/wp-content\/uploads\/2024\/04\/Loikelaud-2in1-1.jpg","contentUrl":"https:\/\/www.strauss.ee\/wp-content\/uploads\/2024\/04\/Loikelaud-2in1-1.jpg","width":800,"height":1200,"caption":"L\u00f5ikelaud 2in1"},{"@type":"BreadcrumbList","@id":"https:\/\/www.strauss.ee\/en\/toode\/cutting-board-2in1\/#breadcrumb","itemListElement":[{"@type":"ListItem","position":1,"name":"Home","item":"https:\/\/www.strauss.ee\/en\/"},{"@type":"ListItem","position":2,"name":"Tooted","item":"https:\/\/www.strauss.ee\/shop\/"},{"@type":"ListItem","position":3,"name":"Cutting board 2in1"}]},{"@type":"WebSite","@id":"https:\/\/www.strauss.ee\/#website","url":"https:\/\/www.strauss.ee\/","name":"strauss.ee","description":"Puidutoodete e-pood","publisher":{"@id":"https:\/\/www.strauss.ee\/#organization"},"potentialAction":[{"@type":"SearchAction","target":{"@type":"EntryPoint","urlTemplate":"https:\/\/www.strauss.ee\/?s={search_term_string}"},"query-input":{"@type":"PropertyValueSpecification","valueRequired":true,"valueName":"search_term_string"}}],"inLanguage":"en-US"},{"@type":"Organization","@id":"https:\/\/www.strauss.ee\/#organization","name":"E. Strauss company","alternateName":"Strauss","url":"https:\/\/www.strauss.ee\/","logo":{"@type":"ImageObject","inLanguage":"en-US","@id":"https:\/\/www.strauss.ee\/#\/schema\/logo\/image\/","url":"https:\/\/www.strauss.ee\/wp-content\/uploads\/2024\/01\/estrauss_vert.jpg","contentUrl":"https:\/\/www.strauss.ee\/wp-content\/uploads\/2024\/01\/estrauss_vert.jpg","width":569,"height":569,"caption":"E. Strauss company"},"image":{"@id":"https:\/\/www.strauss.ee\/#\/schema\/logo\/image\/"},"sameAs":["https:\/\/www.facebook.com\/avinurmepuiduait"]}]}},"_links":{"self":[{"href":"https:\/\/www.strauss.ee\/en\/wp-json\/wp\/v2\/product\/10769","targetHints":{"allow":["GET"]}}],"collection":[{"href":"https:\/\/www.strauss.ee\/en\/wp-json\/wp\/v2\/product"}],"about":[{"href":"https:\/\/www.strauss.ee\/en\/wp-json\/wp\/v2\/types\/product"}],"replies":[{"embeddable":true,"href":"https:\/\/www.strauss.ee\/en\/wp-json\/wp\/v2\/comments?post=10769"}],"wp:featuredmedia":[{"embeddable":true,"href":"https:\/\/www.strauss.ee\/en\/wp-json\/wp\/v2\/media\/10240"}],"wp:attachment":[{"href":"https:\/\/www.strauss.ee\/en\/wp-json\/wp\/v2\/media?parent=10769"}],"wp:term":[{"taxonomy":"product_brand","embeddable":true,"href":"https:\/\/www.strauss.ee\/en\/wp-json\/wp\/v2\/product_brand?post=10769"},{"taxonomy":"product_cat","embeddable":true,"href":"https:\/\/www.strauss.ee\/en\/wp-json\/wp\/v2\/product_cat?post=10769"},{"taxonomy":"product_tag","embeddable":true,"href":"https:\/\/www.strauss.ee\/en\/wp-json\/wp\/v2\/product_tag?post=10769"}],"curies":[{"name":"wp","href":"https:\/\/api.w.org\/{rel}","templated":true}]}}